{"id":67,"date":"2023-05-24T16:14:56","date_gmt":"2023-05-24T14:14:56","guid":{"rendered":"http:\/\/rencoenergies.fr\/?page_id=67"},"modified":"2023-08-21T14:59:02","modified_gmt":"2023-08-21T12:59:02","slug":"politique-de-cookies","status":"publish","type":"page","link":"https:\/\/rencoenergies.fr\/index.php\/politique-de-cookies\/","title":{"rendered":"Politique de cookies"},"content":{"rendered":"\n<p><\/p>\n\n\n\n<p><strong>ARTICLE 1. DEFINITION DES COOKIES<\/strong>&nbsp;<\/p>\n\n\n\n<p><br>Les cookies sont de petits fichiers enregistr\u00e9s sur votre terminal (ordinateur, tablette, t\u00e9l\u00e9phone mobile ou tout autre appareil optimis\u00e9 pour internet). Ils sont essentiellement utilis\u00e9s pour faire fonctionner un site internet et pour am\u00e9liorer son fonctionnement, tout en collectant des informations relatives \u00e0 votre navigation sur celui-ci.&nbsp;<\/p>\n\n\n\n<p>Tout type de terminal peut \u00eatre concern\u00e9 par un d\u00e9p\u00f4t et stockage de cookies : un ordinateur fixe ou portable, un smartphone, une tablette, etc\u2026&nbsp;<\/p>\n\n\n\n<p><strong>ARTICLE 2. LES DIFFERENTES CATEGORIES DE COOKIES<\/strong>&nbsp;<\/p>\n\n\n\n<p>RENCOENERGIES utilise diff\u00e9rents types de cookies sur son site, lesquels peuvent \u00eatre regroup\u00e9s en plusieurs cat\u00e9gories. Certains de ces cookies n\u00e9cessitent le recueil de votre consentement, en raison de leurs finalit\u00e9s, avant d\u2019\u00eatre d\u00e9pos\u00e9s sur votre ordinateur, smartphone ou tablette.&nbsp;<\/p>\n\n\n\n<p>Les cookies dits \u00ab publicitaires \u00bb, qui ont vocation \u00e0 enregistrer les donn\u00e9es afin de contr\u00f4ler les publicit\u00e9s adress\u00e9es aux internautes, ainsi que les cookies dits \u00ab partage sur les r\u00e9seaux sociaux \u00bb, qui permettent de partager des contenus disponibles sur un site vers les r\u00e9seaux sociaux, n\u00e9cessitent votre consentement pr\u00e9alable avant d\u2019\u00eatre d\u00e9pos\u00e9s.&nbsp;<\/p>\n\n\n\n<p>Les cookies de mesure d\u2019audience, qui permettent \u00e0 RENCOENERGIES d\u2019\u00e9tablir des statistiques de fr\u00e9quentation et d\u2019utilisation de son site internet, sont \u00e9galement soumis \u00e0 votre consentement pr\u00e9alable.&nbsp;<\/p>\n\n\n\n<p>Les cookies fonctionnels, qui sont strictement n\u00e9cessaires au fonctionnement du site internet de RENCOENERGIES et \u00e0 son am\u00e9lioration, ne n\u00e9cessitent pas votre consentement pr\u00e9alable. Ils sont indispensables au bon fonctionnement du site.&nbsp;<\/p>\n\n\n\n<p><strong>ARTICLE 3. BASE LEGALE DE LA RECOLTE DES COOKIES<\/strong>&nbsp;<\/p>\n\n\n\n<p>La base l\u00e9gale du d\u00e9p\u00f4t de cookies sur votre terminal par RENCOENERGIES est votre consentement.&nbsp;<\/p>\n\n\n\n<p>Vous disposez d\u2019un droit de consentir ou non au d\u00e9p\u00f4t des cookies sur votre terminal, lors de la pr\u00e9sentation du bandeau apparaissant sur le site internet de RENCOENERGIES. Ce consentement aux cookies peut \u00eatre retir\u00e9 \u00e0 tout moment, conform\u00e9ment aux modalit\u00e9s d\u00e9crites \u00e0 l\u2019article 8 de la pr\u00e9sente Politique.&nbsp;<\/p>\n\n\n\n<p>N\u00e9anmoins, conform\u00e9ment \u00e0 l\u2019article 82 de la Loi n\u00b078-17 du 6 janvier 1978 relative \u00e0 l\u2019informatique, aux fichiers et aux libert\u00e9s, l\u2019exploitation de certains cookies n\u2019exige pas l\u2019accord de l\u2019internaute, lorsque ces cookies sont strictement n\u00e9cessaires \u00e0 la fourniture d\u2019un service de communication en ligne express\u00e9ment demand\u00e9 par l\u2019utilisateur ou lorsqu\u2019ils permettent ou facilitent une communication par voie \u00e9lectronique. Dans ce cas-l\u00e0, la base l\u00e9gale sur laquelle repose le d\u00e9p\u00f4t de cookies sur votre terminal est l\u2019int\u00e9r\u00eat l\u00e9gitime.&nbsp;<\/p>\n\n\n\n<p><strong>ARTICLE 4. LES DONNEES COLLECTEES VIA L\u2019UTILISATION DES COOKIES<\/strong>&nbsp;<\/p>\n\n\n\n<p>Les cookies peuvent permettre dans certains cas de collecter ou d\u2019acc\u00e9der \u00e0 des donn\u00e9es personnelles vous concernant lorsque vous naviguez sur le site internet de RENCOENERGIES.&nbsp;<\/p>\n\n\n\n<p>Les donn\u00e9es collect\u00e9es via les cookies peuvent concerner : l\u2019adresse IP de votre ordinateur, la g\u00e9olocalisation approximative, le navigateur utilis\u00e9, la date et l\u2019heure de votre connexion, les pages visit\u00e9es sur le site, la langue d\u2019usage, les donn\u00e9es relatives \u00e0 l\u2019identification de l\u2019utilisateur\u2026&nbsp;<\/p>\n\n\n\n<p><strong>ARTICLE 5. LE RESPONSABLE DES COOKIES<\/strong>&nbsp;<\/p>\n\n\n\n<p>Le responsable de traitement de vos Donn\u00e9es Personnelles est la soci\u00e9t\u00e9&nbsp;RENCOENERGIES<a>, soci\u00e9t\u00e9 par actions simplifi\u00e9es au capital social de 100 000\u20ac, immatricul\u00e9e au RCS de Lyon sous le num\u00e9ro 978315323, dont le si\u00e8ge social est <\/a>1 all\u00e9e des S\u00e9quoias, 69760 Limonest.<\/p>\n\n\n\n<p>Toute demande ou r\u00e9clamation relative au traitement de vos Donn\u00e9es Personnelles peut \u00eatre adress\u00e9e \u00e0 RENCOENERGIES par courrier postal ou par mail : <a href=\"mailto:dpo@rencoenergies.fr\">dpo@rencoenergies.fr<\/a><\/p>\n\n\n\n<p><strong>ARTICLE 6. DUREE DE CONSERVATION DES COOKIES<\/strong>&nbsp;<\/p>\n\n\n\n<p>RENCOENERGIES se conforme aux recommandations de la CNIL en mati\u00e8re de cookies, qui sont conserv\u00e9es pour une dur\u00e9e maximale de 13 mois, \u00e0 compter du recueil de votre consentement \u00e0 leur d\u00e9p\u00f4t.&nbsp;<\/p>\n\n\n\n<p>Les donn\u00e9es personnelles trait\u00e9es via l\u2019exploitation des cookies sont quant \u00e0 elles conserv\u00e9es pour une dur\u00e9e maximale de 25 mois.&nbsp;<\/p>\n\n\n\n<p><strong>ARTICLE 7. L\u2019EXERCICE DE VOS DROITS<\/strong>&nbsp;<\/p>\n\n\n\n<p>1 Quels sont vos droits ?&nbsp;<\/p>\n\n\n\n<p>Conform\u00e9ment \u00e0 la r\u00e9glementation applicable en mati\u00e8re de protection des donn\u00e9es \u00e0 caract\u00e8re personnel, vous disposez de droits d\u2019acc\u00e8s et de copie, de rectification, de suppression et de limitation du traitement de vos donn\u00e9es, ainsi que le droit de retirer votre consentement \u00e0 tout moment.&nbsp;<\/p>\n\n\n\n<p>Un droit d\u2019information : quant \u00e0 l\u2019utilisation des cookies, \u00e0 leur finalit\u00e9 et aux moyens disponibles pour s\u2019opposer \u00e0 leur d\u00e9p\u00f4t sur votre terminal. Ces informations vous sont rendues accessibles via la pr\u00e9sente Politique des Cookies.&nbsp;<\/p>\n\n\n\n<p>Un droit de consentir ou non au d\u00e9p\u00f4t de cookies : les cookies exempt\u00e9s de consentement conform\u00e9ment \u00e0 l\u2019article 82 de la loi n\u00b078-17 du 6 janvier 1978 relative \u00e0 l\u2019informatique, aux fichiers et aux libert\u00e9s, sont les cookies strictement n\u00e9cessaires \u00e0 la fourniture d\u2019un service de communication en ligne express\u00e9ment demand\u00e9 par l\u2019utilisateur ou ceux qui permettent ou facilitent une communication par voie \u00e9lectronique.&nbsp;<\/p>\n\n\n\n<p>La r\u00e9colte de tout autre cookie est bas\u00e9e sur votre consentement, qui sera recueilli lors de votre visite sur le site de RENCOENERGIES. A d\u00e9faut, les cookies n\u00e9cessitant votre consentement ne seront pas d\u00e9pos\u00e9s sur votre terminal.&nbsp;<\/p>\n\n\n\n<p>Un droit de modification de votre consentement : vous pouvez modifier votre consentement au d\u00e9p\u00f4t des cookies sur votre terminal \u00e0 tout moment. Vous pouvez retirer ce consentement en supprimant les cookies enregistr\u00e9s sur votre terminal. Les modalit\u00e9s de suppression des cookies varient en fonction du navigateur utilis\u00e9.&nbsp;<\/p>\n\n\n\n<p>Pour en savoir plus, nous vous invitons \u00e0 consulter l\u2019article 8 de la pr\u00e9sente Politique, intitul\u00e9 \u00ab Param\u00e9trage des cookies \u00bb.&nbsp;<\/p>\n\n\n\n<p>Un droit d\u2019acc\u00e8s et de copie : Ce droit consiste \u00e0 obtenir de RENCOENERGIES la confirmation que des donn\u00e9es personnelles vous concernant sont ou ne sont pas trait\u00e9es. Lorsqu\u2019elles le sont, vous disposez d\u2019un droit de regard sur lesdites donn\u00e9es personnelles. RENCOENERGIES vous fournira alors une copie des donn\u00e9es personnelles faisant l\u2019objet d\u2019un traitement par ses soins.&nbsp;<\/p>\n\n\n\n<p>Un droit de suppression : Ce droit consiste \u00e0 obtenir de RENCOENERGIES l\u2019effacement, dans les meilleurs d\u00e9lais, de donn\u00e9es personnelles vous concernant.&nbsp;<\/p>\n\n\n\n<p>7.2 Comment exercer vos droits ?&nbsp;<\/p>\n\n\n\n<p>Vous pouvez exercer ces droits, mais \u00e9galement adresser toute question ou directive concernant le sort des donn\u00e9es collect\u00e9es via les cookies \u00e0 l\u2019adresse \u00e9lectronique suivant dpo@rencoenergies.fr par voie postale \u00e0 l\u2019adresse suivante :&nbsp;1 all\u00e9e des S\u00e9quoias, 69760 Limonest.&nbsp;<\/p>\n\n\n\n<p>Si vous consid\u00e9rez que vos droits relatifs \u00e0 vos donn\u00e9es personnelles n\u2019ont pas \u00e9t\u00e9 respect\u00e9s par RENCOENERGIES, vous pouvez faire part de votre r\u00e9clamation directement aupr\u00e8s de la&nbsp;Commission Nationale de l\u2019Informatique et des Libert\u00e9s (la CNIL), par courrier postal en \u00e9crivant \u00e0 : CNIL \u2013 Service des Plaintes \u2013 3 Place de Fontenoy \u2013 TSA 80715 \u2013 75334 PARIS CEDEX 07, ou via le service de t\u00e9l\u00e9plainte en ligne accessible sur le site internet de la CNIL.&nbsp;&nbsp;<\/p>\n\n\n\n<p><strong>ARTICLE 8. PARAMETRAGE ET SUPPRESSION DES COOKIES<\/strong>&nbsp;<\/p>\n\n\n\n<p>8.1 Param\u00e9trage des cookies&nbsp;<\/p>\n\n\n\n<p>Vous pouvez param\u00e9trer le d\u00e9p\u00f4t de cookies sur votre terminal, en acceptant ou en refusant leur d\u00e9p\u00f4t lors de votre visite du site internet de RENCOENERGIES. Vous pouvez \u00e9galement accepter ou refuser tout ou partie des cookies, en personnalisant vos choix.&nbsp;<\/p>\n\n\n\n<p>Vous pouvez \u00e9galement param\u00e9trer les cookies du navigateur que vous utilisez, et proc\u00e9der \u00e0 leur suppression.&nbsp;<\/p>\n\n\n\n<p>Si votre navigateur est Google Chrome, nous vous invitons \u00e0 suivre la proc\u00e9dure suivante :&nbsp;<\/p>\n\n\n\n<ul class=\"wp-block-list\">\n<li>Sur votre ordinateur, ouvrez Chrome<\/li>\n\n\n\n<li>En haut \u00e0 droite, cliquez sur Plus, puis sur Param\u00e8tres<\/li>\n\n\n\n<li>Sous l\u2019onglet Confidentialit\u00e9 et S\u00e9curit\u00e9, cliquez sur Cookies et autres donnez de site<\/li>\n\n\n\n<li>S\u00e9lectionnez l\u2019option voulue : autoriser tous les cookies, bloquer tous les cookies, bloquer les cookies tiers en mode navigation priv\u00e9e, bloquer les cookies tiers.<\/li>\n<\/ul>\n\n\n\n<p>Si votre navigateur est Internet Explorer, nous vous invitons \u00e0 suivre la proc\u00e9dure suivante :&nbsp;<\/p>\n\n\n\n<ul class=\"wp-block-list\">\n<li>Sur votre navigateur, cliquez sur le bouton Outils, et s\u00e9lectionnez Options Internet<\/li>\n\n\n\n<li>S\u00e9lectionnez l\u2019onglet Confidentialit\u00e9, et sous Param\u00e8tres, s\u00e9lectionnez Avanc\u00e9<\/li>\n\n\n\n<li>Choisissez si vous souhaitez autoriser, bloquer ou \u00eatre invit\u00e9 \u00e0 d\u00e9terminer la configuration voulue pour les cookies internes et les cookies tiers<\/li>\n<\/ul>\n\n\n\n<p>Si votre navigateur est Firefox\/Mozilla, nous vous invitons \u00e0 suivre la proc\u00e9dure suivante :&nbsp;<\/p>\n\n\n\n<ul class=\"wp-block-list\">\n<li>Cliquez sur le bouton de menu et s\u00e9lectionnez Options<\/li>\n\n\n\n<li>S\u00e9lectionnez le panneau Vie priv\u00e9e et s\u00e9curit\u00e9, o\u00f9 vous pourrez voir les param\u00e8tres pour le blocage de contenu, dont les cookies : c\u2019est \u00e0 cet endroit que vous pouvez voir les param\u00e8tres pour le blocage de contenus, dont les cookies<\/li>\n\n\n\n<li>Si la configuration \u00ab Standard \u00bb par d\u00e9faut est s\u00e9lectionn\u00e9e, tous les cookies sont autoris\u00e9s \u00e0 l\u2019exception des traqueurs<\/li>\n\n\n\n<li>Vous pouvez \u00e9galement choisir l\u2019option Personnalis\u00e9, et choisir d\u2019accepter ou non le d\u00e9p\u00f4t de cookies<\/li>\n<\/ul>\n\n\n\n<p>Si votre navigateur est Safari, nous vous invitons \u00e0 suivre la proc\u00e9dure suivante :&nbsp;<\/p>\n\n\n\n<ul class=\"wp-block-list\">\n<li>Dans Pr\u00e9f\u00e9rences, cliquez sur l\u2019onglet Confidentialit\u00e9<\/li>\n\n\n\n<li>Choisissez les options que vous souhaitez<\/li>\n<\/ul>\n\n\n\n<p>8.2 Suppression des cookies&nbsp;<\/p>\n\n\n\n<p>Vous pouvez \u00e0 tout moment proc\u00e9der \u00e0 la suppression des cookies ayant d\u2019ores-et-d\u00e9j\u00e0 \u00e9t\u00e9 d\u00e9pos\u00e9s sur votre terminal.&nbsp;<\/p>\n\n\n\n<p>Si votre navigateur est Google Chrome, nous vous invitons \u00e0 suivre la proc\u00e9dure suivante :&nbsp;<\/p>\n\n\n\n<ul class=\"wp-block-list\">\n<li>Sur votre ordinateur, ouvrez Chrome<\/li>\n\n\n\n<li>En haut \u00e0 droite, cliquez sur Plus, puis sur Plus d\u2019outils<\/li>\n\n\n\n<li>S\u00e9lectionnez l\u2019onglet Effacer les donn\u00e9es de navigation<\/li>\n\n\n\n<li>En haut de la page, choisissez une p\u00e9riode. Pour tout supprimer, s\u00e9lectionnez Toutes les p\u00e9riodes.<\/li>\n\n\n\n<li>Cochez les cases face \u00e0 \u00ab Cookies et donn\u00e9es de site \u00bb et \u00ab Images et fichiers en cache \u00bb<\/li>\n\n\n\n<li>Cliquez sur Effacer les donn\u00e9es.<\/li>\n<\/ul>\n\n\n\n<p>Si votre navigateur est Internet Explorer, nous vous invitons \u00e0 suivre la proc\u00e9dure suivante :&nbsp;<\/p>\n\n\n\n<ul class=\"wp-block-list\">\n<li>Sur votre navigateur, cliquez sur le bouton Outils, et s\u00e9lectionnez S\u00e9curit\u00e9<\/li>\n\n\n\n<li>S\u00e9lectionnez Supprimer l\u2019historique de navigation<\/li>\n\n\n\n<li>Cochez la case Cookies et donn\u00e9es de site web<\/li>\n\n\n\n<li>S\u00e9lectionnez Supprimer<\/li>\n<\/ul>\n\n\n\n<p>Si votre navigateur est Firefox\/Mozilla, nous vous invitons \u00e0 suivre la proc\u00e9dure suivante :&nbsp;<\/p>\n\n\n\n<ul class=\"wp-block-list\">\n<li>Cliquez sur le bouton de menu et s\u00e9lectionnez Param\u00e8tres<\/li>\n\n\n\n<li>S\u00e9lectionnez le panneau Vie priv\u00e9e et s\u00e9curit\u00e9<\/li>\n\n\n\n<li>Dans la section Cookies et donn\u00e9es de site, cliquez sur le bouton Effacer les donn\u00e9es<\/li>\n<\/ul>\n\n\n\n<p>Si votre navigateur est Safari, nous vous invitons \u00e0 suivre la proc\u00e9dure suivante :&nbsp;<\/p>\n\n\n\n<ul class=\"wp-block-list\">\n<li>Dans Pr\u00e9f\u00e9rences, cliquez sur l\u2019onglet Confidentialit\u00e9<\/li>\n\n\n\n<li>Cliquez sur G\u00e9rer les donn\u00e9es de site web, s\u00e9lectionnez un ou plusieurs sites web, puis cliquez sur Supprimer ou Tout supprimer<\/li>\n<\/ul>\n\n\n\n<p><strong>ARTICLE 9. MODIFICATIONS DE LA POLITIQUE DES COOKIES<\/strong>&nbsp;<\/p>\n\n\n\n<p>RENCOENERGIES pourra \u00eatre amen\u00e9e \u00e0 modifier la pr\u00e9sente Politique, en raison des \u00e9volutions l\u00e9gislatives et r\u00e9glementaires.&nbsp;<\/p>\n\n\n\n<p>La derni\u00e8re version de la pr\u00e9sente Politique pr\u00e9vaudra sur toute version ant\u00e9rieure.&nbsp;<\/p>\n\n\n\n<p><strong>ARTICLE 10. INFORMATIONS COMPLEMENTAIRES<\/strong>&nbsp;<\/p>\n\n\n\n<p>La pr\u00e9sente Politique des cookies n\u2019a pas vocation \u00e0 se substituer \u00e0 la Politique de confidentialit\u00e9 des donn\u00e9es de RENCOENERGIES. Ces deux politiques sont compl\u00e9mentaires.&nbsp;<\/p>\n\n\n\n<p><\/p>\n\n\n\n<hr class=\"wp-block-separator has-alpha-channel-opacity\"\/>\n\n\n\n<p><a id=\"_msocom_2\"><\/a><\/p>\n\n\n\n<p><a id=\"_msocom_3\"><\/a><\/p>\n\n\n\n<p><a id=\"_msocom_4\"><\/a><\/p>\n","protected":false},"excerpt":{"rendered":"<p>ARTICLE 1. DEFINITION DES COOKIES&nbsp; Les cookies sont de petits fichiers enregistr\u00e9s sur votre terminal (ordinateur, tablette, t\u00e9l\u00e9phone mobile ou tout autre appareil optimis\u00e9 pour internet). Ils sont essentiellement utilis\u00e9s pour faire fonctionner un site internet et pour am\u00e9liorer son fonctionnement, tout en collectant des informations relatives \u00e0 votre navigation sur celui-ci.&nbsp; Tout type de [&hellip;]<\/p>\n","protected":false},"author":1,"featured_media":0,"parent":0,"menu_order":0,"comment_status":"closed","ping_status":"closed","template":"page-template-blank.php","meta":{"_et_pb_use_builder":"off","_et_pb_old_content":"","_et_gb_content_width":"1080","footnotes":""},"class_list":["post-67","page","type-page","status-publish","hentry"],"_links":{"self":[{"href":"https:\/\/rencoenergies.fr\/index.php\/wp-json\/wp\/v2\/pages\/67","targetHints":{"allow":["GET"]}}],"collection":[{"href":"https:\/\/rencoenergies.fr\/index.php\/wp-json\/wp\/v2\/pages"}],"about":[{"href":"https:\/\/rencoenergies.fr\/index.php\/wp-json\/wp\/v2\/types\/page"}],"author":[{"embeddable":true,"href":"https:\/\/rencoenergies.fr\/index.php\/wp-json\/wp\/v2\/users\/1"}],"replies":[{"embeddable":true,"href":"https:\/\/rencoenergies.fr\/index.php\/wp-json\/wp\/v2\/comments?post=67"}],"version-history":[{"count":4,"href":"https:\/\/rencoenergies.fr\/index.php\/wp-json\/wp\/v2\/pages\/67\/revisions"}],"predecessor-version":[{"id":380,"href":"https:\/\/rencoenergies.fr\/index.php\/wp-json\/wp\/v2\/pages\/67\/revisions\/380"}],"wp:attachment":[{"href":"https:\/\/rencoenergies.fr\/index.php\/wp-json\/wp\/v2\/media?parent=67"}],"curies":[{"name":"wp","href":"https:\/\/api.w.org\/{rel}","templated":true}]}}